{"id":6394,"date":"2025-12-01T10:15:45","date_gmt":"2025-12-01T10:15:45","guid":{"rendered":"https:\/\/noivezetok.eu\/?post_type=product&#038;p=6394"},"modified":"2026-03-23T20:14:12","modified_gmt":"2026-03-23T20:14:12","slug":"be-that-woman-noi-tervezo","status":"publish","type":"product","link":"https:\/\/noivezetok.eu\/en_en\/be-that-woman-noi-tervezo\/","title":{"rendered":"Be That Woman \u00a9 Tervez\u0151"},"content":{"rendered":"","protected":false},"excerpt":{"rendered":"<h2>Be That Woman Tervez\u0151 \u2013 A rendszer, ami nem enged vissza a sz\u00e9tcs\u00fasz\u00e1shoz<\/h2>\n<p>A <strong>Be That Woman Tervez\u0151<\/strong> olyan, mint a tavalyi \u00e9vtervez\u0151d. Csak nem hagy cserben. Soha.<\/p>\n<p>\u00c9s m\u00e9g valami&#8230; K\u00e9rheted a saj\u00e1t neveddel ell\u00e1tva. Ha eleged van abb\u00f3l, hogy minden \u00e9ved ugyan\u00fagy indul: lelkesedsz p\u00e1r napig, azt\u00e1n sz\u00e9tesel, elvesz\u00edted a f\u00f3kuszt \u00e9s m\u00e1r febru\u00e1rra azt sem tudod, mit akart\u00e1l\u2026 akkor ideje kimondani: <strong>nem veled van a baj<\/strong>, hanem azzal, hogy eddig nem volt val\u00f3di rendszered.<\/p>\n<p><strong>K\u00edm\u00e9letlen \u0151szintes\u00e9ggel<\/strong> mutatja meg, hol cs\u00faszik sz\u00e9t a f\u00f3kuszod, \u00e9s hogyan rakd helyre az \u00e9vedet motiv\u00e1ci\u00f3, \u00f6n\u00e1m\u00edt\u00e1s \u00e9s bullshit n\u00e9lk\u00fcl. Ez nem egy \u00fajabb \u201ct\u00f6ltsd ki, majd felejtsd el\u201d f\u00fczet. Ez egy pr\u00e9mium, <strong>brut\u00e1lisan hat\u00e9kony tervez\u00e9si rendszer<\/strong>, ami nem simogat, hanem megtart \u00e9s ir\u00e1nyba \u00e1ll\u00edt.<\/p>\n<p>Havi sz\u00e1nd\u00e9kokkal, tematikus hetekkel \u00e9s vezetett k\u00e9rd\u00e9sekkel dolgozik, amelyek lassan, de biztosan <strong>visszaveszik a napjaid feletti ir\u00e1ny\u00edt\u00e1st<\/strong>. Ez az \u00e9v v\u00e9gre nem sz\u00e9tesik k\u00f6r\u00fcl\u00f6tted, hanem \u00f6ssze\u00e1ll.<\/p>\n<p>V\u00e1szonbor\u00edt\u00f3s, aranypr\u00e9gelt, meglep\u0151en vastag 310 oldalas kialak\u00edt\u00e1sa nem csak sz\u00e9p: <strong>tekint\u00e9lye van<\/strong>. Olyan darab, amit ha az asztalodra teszel, m\u00e1sok \u00f6szt\u00f6n\u00f6sen megn\u00e9zik m\u00e9g egyszer.<\/p>\n<p>D\u00e1tum n\u00e9lk\u00fcl kezdheted, \u00edgy nem bukod el, ha kimarad egy h\u00e9t, mert ez nem a megfelel\u00e9sr\u0151l sz\u00f3l, hanem a visszat\u00e9r\u00e9sr\u0151l, a lehet\u0151 legjobb verzi\u00f3j\u00e1hoz \u00f6nmagadnak.<\/p>\n<p>Magyar tervez\u00e9s, magyar gy\u00e1rt\u00e1s, pr\u00e9mium r\u00e9szletekkel, k\u00e9t sz\u00ednben: <strong>Signature Blush \u00e9s Cappuccino<\/strong>.<\/p>\n<h4><strong>Szeretni fogod a tervez\u0151t? Nem. Magadat fogod szeretni.<\/strong><\/h4>\n<h2>N\u0151i tervez\u0151, ami nem k\u00e9r eln\u00e9z\u00e9st<\/h2>\n<p>Ez a <strong>n\u0151i tervez\u0151<\/strong> nem lesz kedves. Nem b\u00f3logat. Nem fogod random id\u00e9zetekkel kidekor\u00e1lni. Ez a <em><strong>Be That Woman Tervez\u0151<\/strong><\/em>.<\/p>\n<p>&nbsp;<\/p>","protected":false},"featured_media":6449,"comment_status":"open","ping_status":"closed","template":"","meta":[],"product_brand":[],"product_cat":[141],"product_tag":[],"class_list":{"0":"post-6394","1":"product","2":"type-product","3":"status-publish","4":"has-post-thumbnail","6":"product_cat-be-that-woman-tervezo","8":"first","9":"instock","10":"purchasable","11":"product-type-variable","12":"has-default-attributes"},"_links":{"self":[{"href":"https:\/\/noivezetok.eu\/en_en\/wp-json\/wp\/v2\/product\/6394","targetHints":{"allow":["GET"]}}],"collection":[{"href":"https:\/\/noivezetok.eu\/en_en\/wp-json\/wp\/v2\/product"}],"about":[{"href":"https:\/\/noivezetok.eu\/en_en\/wp-json\/wp\/v2\/types\/product"}],"replies":[{"embeddable":true,"href":"https:\/\/noivezetok.eu\/en_en\/wp-json\/wp\/v2\/comments?post=6394"}],"version-history":[{"count":13,"href":"https:\/\/noivezetok.eu\/en_en\/wp-json\/wp\/v2\/product\/6394\/revisions"}],"predecessor-version":[{"id":6455,"href":"https:\/\/noivezetok.eu\/en_en\/wp-json\/wp\/v2\/product\/6394\/revisions\/6455"}],"wp:featuredmedia":[{"embeddable":true,"href":"https:\/\/noivezetok.eu\/en_en\/wp-json\/wp\/v2\/media\/6449"}],"wp:attachment":[{"href":"https:\/\/noivezetok.eu\/en_en\/wp-json\/wp\/v2\/media?parent=6394"}],"wp:term":[{"taxonomy":"product_brand","embeddable":true,"href":"https:\/\/noivezetok.eu\/en_en\/wp-json\/wp\/v2\/product_brand?post=6394"},{"taxonomy":"product_cat","embeddable":true,"href":"https:\/\/noivezetok.eu\/en_en\/wp-json\/wp\/v2\/product_cat?post=6394"},{"taxonomy":"product_tag","embeddable":true,"href":"https:\/\/noivezetok.eu\/en_en\/wp-json\/wp\/v2\/product_tag?post=6394"}],"curies":[{"name":"wp","href":"https:\/\/api.w.org\/{rel}","templated":true}]}}