{"id":624,"date":"2024-07-04T13:47:43","date_gmt":"2024-07-04T13:47:43","guid":{"rendered":"https:\/\/noivezetok.eu\/?post_type=product&#038;p=624"},"modified":"2026-01-09T12:15:19","modified_gmt":"2026-01-09T12:15:19","slug":"halanaplo-megerosito-kartyak-csomag","status":"publish","type":"product","link":"https:\/\/noivezetok.eu\/en_en\/halanaplo-megerosito-kartyak-csomag\/","title":{"rendered":"Az \u00e9n H\u00e1lanapl\u00f3m + Meger\u0151s\u00edt\u0151 k\u00e1rty\u00e1k csomag"},"content":{"rendered":"","protected":false},"excerpt":{"rendered":"<p>Ez a H\u00e1lanapl\u00f3m + Meger\u0151s\u00edt\u0151 k\u00e1rty\u00e1k csomag nem v\u00e9letlen\u00fcl a v\u00e1s\u00e1rl\u00f3ink kedvence! Azoknak a n\u0151knek k\u00e9sz\u00fclt, akik szeretn\u00e9k tudatosan \u00e9p\u00edteni a bels\u0151 erej\u00fcket, \u00e9s minden nap egy l\u00e9p\u00e9ssel k\u00f6zelebb ker\u00fclni a kiegyens\u00falyozott, boldog \u00e9lethez.<br \/>\nA <strong>N\u0151i Vezet\u0151k H\u00e1la Csomagjai<\/strong> egy er\u0151teljes napi rutin alapj\u00e1t k\u00e9pezik, amely seg\u00edt f\u00f3kusz\u00e1lni a pozit\u00edvumokra, cs\u00f6kkenti a stresszt, \u00e9s n\u00f6veli az \u00f6nbizalmat.<br \/>\nV\u00e1ltoztasd meg az \u00e9leted a h\u00e1lanapl\u00f3ink seg\u00edts\u00e9g\u00e9vel. Szentelj naponta mind\u00f6ssze \u00f6t percet a h\u00e1la \u00e1pol\u00e1s\u00e1ra, ak\u00e1r egy rohan\u00f3 napirend k\u00f6zepette is. Ez a gyakorlat fokozza a pozitivit\u00e1st, cs\u00f6kkenti a szorong\u00e1st, \u00e9s emeli az \u00e1ltal\u00e1nos j\u00f3l\u00e9tet. A N\u0151i Vezet\u0151k Meger\u0151s\u00edt\u0151 K\u00e1rty\u00e1i naponta p\u00e1r perc alatt seg\u00edtenek neked abban, hogy meger\u0151s\u00edtsd magad \u00e9s \u00f6nbizalmad, fokozd motiv\u00e1ci\u00f3d \u00e9s szeml\u00e9leted. A rohan\u00f3 mindennapokban, ahol a n\u0151k k\u00fcl\u00f6nleges kih\u00edv\u00e1sokkal n\u00e9znek szembe, ezek a k\u00e1rty\u00e1k egy biztos t\u00e1maszt jelentenek.<\/p>","protected":false},"featured_media":630,"comment_status":"open","ping_status":"closed","template":"","meta":[],"product_brand":[],"product_cat":[33],"product_tag":[],"class_list":{"0":"post-624","1":"product","2":"type-product","3":"status-publish","4":"has-post-thumbnail","6":"product_cat-csomag","8":"first","9":"outofstock","10":"sale","11":"taxable","12":"shipping-taxable","13":"purchasable","14":"product-type-variable","15":"has-default-attributes"},"_links":{"self":[{"href":"https:\/\/noivezetok.eu\/en_en\/wp-json\/wp\/v2\/product\/624","targetHints":{"allow":["GET"]}}],"collection":[{"href":"https:\/\/noivezetok.eu\/en_en\/wp-json\/wp\/v2\/product"}],"about":[{"href":"https:\/\/noivezetok.eu\/en_en\/wp-json\/wp\/v2\/types\/product"}],"replies":[{"embeddable":true,"href":"https:\/\/noivezetok.eu\/en_en\/wp-json\/wp\/v2\/comments?post=624"}],"version-history":[{"count":7,"href":"https:\/\/noivezetok.eu\/en_en\/wp-json\/wp\/v2\/product\/624\/revisions"}],"predecessor-version":[{"id":6392,"href":"https:\/\/noivezetok.eu\/en_en\/wp-json\/wp\/v2\/product\/624\/revisions\/6392"}],"wp:featuredmedia":[{"embeddable":true,"href":"https:\/\/noivezetok.eu\/en_en\/wp-json\/wp\/v2\/media\/630"}],"wp:attachment":[{"href":"https:\/\/noivezetok.eu\/en_en\/wp-json\/wp\/v2\/media?parent=624"}],"wp:term":[{"taxonomy":"product_brand","embeddable":true,"href":"https:\/\/noivezetok.eu\/en_en\/wp-json\/wp\/v2\/product_brand?post=624"},{"taxonomy":"product_cat","embeddable":true,"href":"https:\/\/noivezetok.eu\/en_en\/wp-json\/wp\/v2\/product_cat?post=624"},{"taxonomy":"product_tag","embeddable":true,"href":"https:\/\/noivezetok.eu\/en_en\/wp-json\/wp\/v2\/product_tag?post=624"}],"curies":[{"name":"wp","href":"https:\/\/api.w.org\/{rel}","templated":true}]}}