{"id":263,"date":"2024-06-25T12:36:27","date_gmt":"2024-06-25T12:36:27","guid":{"rendered":"https:\/\/noivezetok.eu\/?post_type=product&#038;p=263"},"modified":"2026-01-28T11:11:12","modified_gmt":"2026-01-28T11:11:12","slug":"halanaplo","status":"publish","type":"product","link":"https:\/\/noivezetok.eu\/en_en\/halanaplo\/","title":{"rendered":"Az \u00e9n h\u00e1lanapl\u00f3m"},"content":{"rendered":"","protected":false},"excerpt":{"rendered":"<p><span style=\"font-weight: 400;\">V\u00e1ltoztasd meg az \u00e9leted a h\u00e1lanapl\u00f3ink seg\u00edts\u00e9g\u00e9vel. Szentelj naponta mind\u00f6ssze \u00f6t percet a h\u00e1la \u00e1pol\u00e1s\u00e1ra, ak\u00e1r egy rohan\u00f3 napirend k\u00f6zepette is. Ez a gyakorlat fokozza a pozitivit\u00e1st, cs\u00f6kkenti a szorong\u00e1st, \u00e9s emeli az \u00e1ltal\u00e1nos j\u00f3l\u00e9tet. Tapasztald meg boldogabb \u00f6nmagadat ezen az egyszer\u0171, tudom\u00e1nyosan al\u00e1t\u00e1masztott m\u00f3dszeren kereszt\u00fcl. <\/span><\/p>","protected":false},"featured_media":452,"comment_status":"open","ping_status":"closed","template":"","meta":[],"product_brand":[],"product_cat":[30],"product_tag":[],"class_list":{"0":"post-263","1":"product","2":"type-product","3":"status-publish","4":"has-post-thumbnail","6":"product_cat-halanaplo","8":"first","9":"instock","10":"purchasable","11":"product-type-variable","12":"has-default-attributes"},"_links":{"self":[{"href":"https:\/\/noivezetok.eu\/en_en\/wp-json\/wp\/v2\/product\/263","targetHints":{"allow":["GET"]}}],"collection":[{"href":"https:\/\/noivezetok.eu\/en_en\/wp-json\/wp\/v2\/product"}],"about":[{"href":"https:\/\/noivezetok.eu\/en_en\/wp-json\/wp\/v2\/types\/product"}],"replies":[{"embeddable":true,"href":"https:\/\/noivezetok.eu\/en_en\/wp-json\/wp\/v2\/comments?post=263"}],"version-history":[{"count":3,"href":"https:\/\/noivezetok.eu\/en_en\/wp-json\/wp\/v2\/product\/263\/revisions"}],"predecessor-version":[{"id":435,"href":"https:\/\/noivezetok.eu\/en_en\/wp-json\/wp\/v2\/product\/263\/revisions\/435"}],"wp:featuredmedia":[{"embeddable":true,"href":"https:\/\/noivezetok.eu\/en_en\/wp-json\/wp\/v2\/media\/452"}],"wp:attachment":[{"href":"https:\/\/noivezetok.eu\/en_en\/wp-json\/wp\/v2\/media?parent=263"}],"wp:term":[{"taxonomy":"product_brand","embeddable":true,"href":"https:\/\/noivezetok.eu\/en_en\/wp-json\/wp\/v2\/product_brand?post=263"},{"taxonomy":"product_cat","embeddable":true,"href":"https:\/\/noivezetok.eu\/en_en\/wp-json\/wp\/v2\/product_cat?post=263"},{"taxonomy":"product_tag","embeddable":true,"href":"https:\/\/noivezetok.eu\/en_en\/wp-json\/wp\/v2\/product_tag?post=263"}],"curies":[{"name":"wp","href":"https:\/\/api.w.org\/{rel}","templated":true}]}}