{"id":2253,"date":"2025-01-03T20:15:10","date_gmt":"2025-01-03T20:15:10","guid":{"rendered":"https:\/\/noivezetok.eu\/?post_type=product&#038;p=2253"},"modified":"2025-07-31T11:01:17","modified_gmt":"2025-07-31T11:01:17","slug":"new-year-mega-tervezo-csomag","status":"publish","type":"product","link":"https:\/\/noivezetok.eu\/en_en\/new-year-mega-tervezo-csomag\/","title":{"rendered":"New Year Mega Tervez\u0151 Csomag"},"content":{"rendered":"","protected":false},"excerpt":{"rendered":"<p><span style=\"font-weight: 400;\">Ind\u00edtsd az \u00faj \u00e9vet tudatoss\u00e1ggal, pozit\u00edv gondolkod\u00e1ssal \u00e9s c\u00e9ljaid megval\u00f3s\u00edt\u00e1s\u00e1val! A <\/span><b>New Year Mega Tervez\u0151 Csomag<\/b><span style=\"font-weight: 400;\"> minden olyan eszk\u00f6zt tartalmaz, amely t\u00e1mogat az \u00e9rzelmi, ment\u00e1lis \u00e9s fizikai fejl\u0151d\u00e9sben, mik\u00f6zben seg\u00edt rendszerezni az \u00e9leted \u00e9s el\u00e9rni a v\u00e1gyott eredm\u00e9nyeket.<\/span><\/p>\n<ul>\n<li>H\u00e1lanapl\u00f3<\/li>\n<li>Heti Tervez\u0151<\/li>\n<li>H\u00e1lanapl\u00f3 \u00datmutat\u00f3 (digit\u00e1lis)<\/li>\n<li>Meger\u0151s\u00edt\u0151 K\u00e1rty\u00e1k<\/li>\n<li>H\u00e1la Tracker (digit\u00e1lis)<\/li>\n<li>Manifeszt\u00e1ci\u00f3s Tervez\u0151<\/li>\n<li>Az \u00daj \u00c9n Tervez\u0151<\/li>\n<\/ul>","protected":false},"featured_media":2203,"comment_status":"open","ping_status":"closed","template":"","meta":[],"product_brand":[],"product_cat":[92],"product_tag":[116,114,110,112,111,115,113],"class_list":{"0":"post-2253","1":"product","2":"type-product","3":"status-publish","4":"has-post-thumbnail","6":"product_cat-new-year-mega-tervezo-csomag","7":"product_tag-az-en-uj-evem-tervezo","8":"product_tag-digitalis-hala-tracker","9":"product_tag-halanaplo","10":"product_tag-halanaplo-utmutato","11":"product_tag-heti-tervezo","12":"product_tag-manifesztacios-tervezo","13":"product_tag-megerosito-kartyak","15":"first","16":"instock","17":"taxable","18":"shipping-taxable","19":"purchasable","20":"product-type-variable"},"_links":{"self":[{"href":"https:\/\/noivezetok.eu\/en_en\/wp-json\/wp\/v2\/product\/2253","targetHints":{"allow":["GET"]}}],"collection":[{"href":"https:\/\/noivezetok.eu\/en_en\/wp-json\/wp\/v2\/product"}],"about":[{"href":"https:\/\/noivezetok.eu\/en_en\/wp-json\/wp\/v2\/types\/product"}],"replies":[{"embeddable":true,"href":"https:\/\/noivezetok.eu\/en_en\/wp-json\/wp\/v2\/comments?post=2253"}],"version-history":[{"count":7,"href":"https:\/\/noivezetok.eu\/en_en\/wp-json\/wp\/v2\/product\/2253\/revisions"}],"predecessor-version":[{"id":6042,"href":"https:\/\/noivezetok.eu\/en_en\/wp-json\/wp\/v2\/product\/2253\/revisions\/6042"}],"wp:featuredmedia":[{"embeddable":true,"href":"https:\/\/noivezetok.eu\/en_en\/wp-json\/wp\/v2\/media\/2203"}],"wp:attachment":[{"href":"https:\/\/noivezetok.eu\/en_en\/wp-json\/wp\/v2\/media?parent=2253"}],"wp:term":[{"taxonomy":"product_brand","embeddable":true,"href":"https:\/\/noivezetok.eu\/en_en\/wp-json\/wp\/v2\/product_brand?post=2253"},{"taxonomy":"product_cat","embeddable":true,"href":"https:\/\/noivezetok.eu\/en_en\/wp-json\/wp\/v2\/product_cat?post=2253"},{"taxonomy":"product_tag","embeddable":true,"href":"https:\/\/noivezetok.eu\/en_en\/wp-json\/wp\/v2\/product_tag?post=2253"}],"curies":[{"name":"wp","href":"https:\/\/api.w.org\/{rel}","templated":true}]}}