{"id":2214,"date":"2025-01-03T17:52:03","date_gmt":"2025-01-03T17:52:03","guid":{"rendered":"https:\/\/noivezetok.eu\/?post_type=product&#038;p=2214"},"modified":"2026-04-11T15:58:17","modified_gmt":"2026-04-11T15:58:17","slug":"best-year-tervezo-csomag","status":"publish","type":"product","link":"https:\/\/noivezetok.eu\/en_en\/best-year-tervezo-csomag\/","title":{"rendered":"Best Year Tervez\u0151 Csomag"},"content":{"rendered":"","protected":false},"excerpt":{"rendered":"<h1 data-start=\"175\" data-end=\"257\"><span style=\"font-size: 20px;\"><em data-start=\"179\" data-end=\"257\"><strong data-start=\"1571\" data-end=\"1629\">Ez a N\u0151i Vezet\u0151k m\u00e1rka ultimate \u00f6nfejleszt\u0151 csomagja<\/strong><\/em><\/span><\/h1>\n<p data-start=\"175\" data-end=\"257\"><strong><span style=\"font-size: 16px;\">Mert van az az \u00e9v, amikor v\u00e9gre nem kapkodsz\u2026hanem <em data-start=\"308\" data-end=\"320\">\u00f6ssze\u00e1llsz<\/em>. Nem reag\u00e1lsz\u2026hanem <em data-start=\"346\" data-end=\"358\">ir\u00e1ny\u00edtasz<\/em>.<br \/>\n<\/span><\/strong>A Best Year Tervez\u0151 Csomag pontosan ehhez ad rendszert, t\u00e1maszt \u00e9s ritmust.<br data-start=\"436\" data-end=\"439\" \/>Ez az a kombin\u00e1ci\u00f3, amit j\u00f3\u00e9rz\u00e9s\u0171 n\u0151 k\u00fcl\u00f6n-k\u00fcl\u00f6n is megvenne, de egy\u00fctt <strong data-start=\"514\" data-end=\"555\">ez a legmeg\u00e9r\u0151sebb, leger\u0151sebb csomag<\/strong>, amit valaha \u00f6ssze\u00e1ll\u00edtottunk.<\/p>\n<p data-start=\"588\" data-end=\"643\"><strong data-start=\"588\" data-end=\"643\">Er\u0151sebb \u00e9v, er\u0151sebb Te, \u00e9s mindezt kedvezm\u00e9nyesen.<\/strong><\/p>\n<h2 data-start=\"650\" data-end=\"702\"><span style=\"font-size: 20px;\"><strong data-start=\"653\" data-end=\"702\">Mi van a csomagban? (\u00c9s mi\u00e9rt \u00fct \u00edgy egy\u00fctt?)<\/strong><\/span><\/h2>\n<h3 data-start=\"704\" data-end=\"760\"><span style=\"font-size: 16px;\">\u2726 <em data-start=\"710\" data-end=\"758\">Be That Woman\u00ae Tervez\u0151 \u2014 v\u00e1laszthat\u00f3 st\u00edlusban<\/em><\/span><\/h3>\n<p data-start=\"761\" data-end=\"892\">A tervez\u0151, ami nem hagy visszacs\u00faszni a sz\u00e9tes\u00e9sbe.<br data-start=\"812\" data-end=\"815\" \/>Ir\u00e1nyt ad, rendet tart, \u00e9s m\u00e9ly \u00f6nismerettel dolgoztat.<br data-start=\"870\" data-end=\"873\" \/>Az \u00e9vgerinced lesz.<\/p>\n<h3 data-start=\"894\" data-end=\"920\"><span style=\"font-size: 16px;\">\u2726 <em data-start=\"900\" data-end=\"918\">Az \u00c9n H\u00e1lanapl\u00f3m<\/em><\/span><\/h3>\n<p data-start=\"921\" data-end=\"1074\">A napi lelki felt\u00f6lt\u0151d\u00e9s helye.<br data-start=\"952\" data-end=\"955\" \/>Pozitivit\u00e1s, stabilabb hangulat, kevesebb szorong\u00e1s \u2014<br data-start=\"1008\" data-end=\"1011\" \/>egy egyszer\u0171, de brut\u00e1l hat\u00e9kony gyakorlat rendszerbe foglalva.<\/p>\n<h3 data-start=\"1076\" data-end=\"1110\"><span style=\"font-size: 16px;\">\u2726 <em data-start=\"1082\" data-end=\"1108\">Aj\u00e1nd\u00e9k<\/em><\/span><\/h3>\n<p data-start=\"1111\" data-end=\"1243\">Mit \u00e9r egy ilyen csomag meglepet\u00e9s n\u00e9lk\u00fcl? A N\u0151i Vezet\u0151kn\u00e9l arra t\u00f6reksz\u00fcnk, hogy minden rendel\u00e9s mell\u00e9 valami kis meglepet\u00e9st odacsemp\u00e9ssz\u00fcnk, ami mosolyt var\u00e1zsol v\u00e1s\u00e1rl\u00f3ink arc\u00e1ra!<\/p>\n<p data-start=\"1250\" data-end=\"1297\"><span style=\"font-size: 18px;\"><strong data-start=\"1253\" data-end=\"1297\">Mi\u00e9rt pont ez a csomag a legjobb d\u00f6nt\u00e9s?<br \/>\n<\/strong><\/span>Mert itt <strong data-start=\"1308\" data-end=\"1347\">k\u00e9t k\u00fcl\u00f6n eszk\u00f6z ereje tal\u00e1lkozik<\/strong> egy kedvezm\u00e9nyes csomagban:<\/p>\n<p data-start=\"1377\" data-end=\"1544\">\u2726 A Be That Woman Tervez\u0151 ad f\u00f3kuszt \u00e9s strukt\u00far\u00e1t.<br data-start=\"1414\" data-end=\"1417\" \/>\u2726 A h\u00e1lanapl\u00f3 stabiliz\u00e1l, kisim\u00edtja a lelki hull\u00e1mz\u00e1st.<\/p>\n<p data-start=\"1546\" data-end=\"1679\">K\u00fcl\u00f6n-k\u00fcl\u00f6n is er\u0151sek.<br data-start=\"1568\" data-end=\"1571\" \/><strong data-start=\"1571\" data-end=\"1629\">Egy\u00fctt viszont, ahogy m\u00e1r mondtuk: ez az ultimate \u00f6nfejleszt\u0151 alapcsomag.<\/strong><\/p>","protected":false},"featured_media":7577,"comment_status":"open","ping_status":"closed","template":"","meta":[],"product_brand":[],"product_cat":[144],"product_tag":[],"class_list":{"0":"post-2214","1":"product","2":"type-product","3":"status-publish","4":"has-post-thumbnail","6":"product_cat-best-year-tervezo-csomag","8":"first","9":"instock","10":"sale","11":"purchasable","12":"product-type-variable","13":"has-default-attributes"},"_links":{"self":[{"href":"https:\/\/noivezetok.eu\/en_en\/wp-json\/wp\/v2\/product\/2214","targetHints":{"allow":["GET"]}}],"collection":[{"href":"https:\/\/noivezetok.eu\/en_en\/wp-json\/wp\/v2\/product"}],"about":[{"href":"https:\/\/noivezetok.eu\/en_en\/wp-json\/wp\/v2\/types\/product"}],"replies":[{"embeddable":true,"href":"https:\/\/noivezetok.eu\/en_en\/wp-json\/wp\/v2\/comments?post=2214"}],"version-history":[{"count":10,"href":"https:\/\/noivezetok.eu\/en_en\/wp-json\/wp\/v2\/product\/2214\/revisions"}],"predecessor-version":[{"id":7578,"href":"https:\/\/noivezetok.eu\/en_en\/wp-json\/wp\/v2\/product\/2214\/revisions\/7578"}],"wp:featuredmedia":[{"embeddable":true,"href":"https:\/\/noivezetok.eu\/en_en\/wp-json\/wp\/v2\/media\/7577"}],"wp:attachment":[{"href":"https:\/\/noivezetok.eu\/en_en\/wp-json\/wp\/v2\/media?parent=2214"}],"wp:term":[{"taxonomy":"product_brand","embeddable":true,"href":"https:\/\/noivezetok.eu\/en_en\/wp-json\/wp\/v2\/product_brand?post=2214"},{"taxonomy":"product_cat","embeddable":true,"href":"https:\/\/noivezetok.eu\/en_en\/wp-json\/wp\/v2\/product_cat?post=2214"},{"taxonomy":"product_tag","embeddable":true,"href":"https:\/\/noivezetok.eu\/en_en\/wp-json\/wp\/v2\/product_tag?post=2214"}],"curies":[{"name":"wp","href":"https:\/\/api.w.org\/{rel}","templated":true}]}}