{"id":2182,"date":"2025-01-03T13:47:34","date_gmt":"2025-01-03T13:47:34","guid":{"rendered":"https:\/\/noivezetok.eu\/?post_type=product&#038;p=2182"},"modified":"2025-06-10T15:16:38","modified_gmt":"2025-06-10T15:16:38","slug":"uj-en-tervezo","status":"publish","type":"product","link":"https:\/\/noivezetok.eu\/en_en\/uj-en-tervezo\/","title":{"rendered":"\u00daj \u00c9n Tervez\u0151"},"content":{"rendered":"","protected":false},"excerpt":{"rendered":"<p><span style=\"font-weight: 400;\">Az <\/span><b>\u00daj \u00c9n Tervez\u0151<\/b><span style=\"font-weight: 400;\"> egy \u00e1tfog\u00f3 eszk\u00f6z, amely seg\u00edt megtervezni az \u00faj\u00e9vi c\u00e9ljaidat \u00e9s azok megval\u00f3s\u00edt\u00e1s\u00e1nak l\u00e9p\u00e9seit. Ez a j\u00f6v\u0151tervez\u0151 napl\u00f3 t\u00e1mogat abban, hogy vil\u00e1gosan l\u00e1sd, honnan indulsz, hov\u00e1 szeretn\u00e9l eljutni, \u00e9s milyen konkr\u00e9t l\u00e9p\u00e9sekkel \u00e9rheted el \u00e1lmaidat.<\/span><\/p>","protected":false},"featured_media":2188,"comment_status":"open","ping_status":"closed","template":"","meta":[],"product_brand":[],"product_cat":[90],"product_tag":[],"class_list":{"0":"post-2182","1":"product","2":"type-product","3":"status-publish","4":"has-post-thumbnail","6":"product_cat-uj-en-tervezo","8":"first","9":"instock","10":"downloadable","11":"virtual","12":"taxable","13":"purchasable","14":"product-type-simple"},"_links":{"self":[{"href":"https:\/\/noivezetok.eu\/en_en\/wp-json\/wp\/v2\/product\/2182","targetHints":{"allow":["GET"]}}],"collection":[{"href":"https:\/\/noivezetok.eu\/en_en\/wp-json\/wp\/v2\/product"}],"about":[{"href":"https:\/\/noivezetok.eu\/en_en\/wp-json\/wp\/v2\/types\/product"}],"replies":[{"embeddable":true,"href":"https:\/\/noivezetok.eu\/en_en\/wp-json\/wp\/v2\/comments?post=2182"}],"version-history":[{"count":5,"href":"https:\/\/noivezetok.eu\/en_en\/wp-json\/wp\/v2\/product\/2182\/revisions"}],"predecessor-version":[{"id":3288,"href":"https:\/\/noivezetok.eu\/en_en\/wp-json\/wp\/v2\/product\/2182\/revisions\/3288"}],"wp:featuredmedia":[{"embeddable":true,"href":"https:\/\/noivezetok.eu\/en_en\/wp-json\/wp\/v2\/media\/2188"}],"wp:attachment":[{"href":"https:\/\/noivezetok.eu\/en_en\/wp-json\/wp\/v2\/media?parent=2182"}],"wp:term":[{"taxonomy":"product_brand","embeddable":true,"href":"https:\/\/noivezetok.eu\/en_en\/wp-json\/wp\/v2\/product_brand?post=2182"},{"taxonomy":"product_cat","embeddable":true,"href":"https:\/\/noivezetok.eu\/en_en\/wp-json\/wp\/v2\/product_cat?post=2182"},{"taxonomy":"product_tag","embeddable":true,"href":"https:\/\/noivezetok.eu\/en_en\/wp-json\/wp\/v2\/product_tag?post=2182"}],"curies":[{"name":"wp","href":"https:\/\/api.w.org\/{rel}","templated":true}]}}