{"id":2154,"date":"2025-01-03T13:12:08","date_gmt":"2025-01-03T13:12:08","guid":{"rendered":"https:\/\/noivezetok.eu\/?post_type=product&#038;p=2154"},"modified":"2025-06-10T15:15:49","modified_gmt":"2025-06-10T15:15:49","slug":"manifesztacios-tervezo","status":"publish","type":"product","link":"https:\/\/noivezetok.eu\/en_en\/manifesztacios-tervezo\/","title":{"rendered":"Manifeszt\u00e1ci\u00f3s Tervez\u0151"},"content":{"rendered":"","protected":false},"excerpt":{"rendered":"<p><span style=\"font-weight: 400;\">A <\/span><b>Manifeszt\u00e1ci\u00f3s Tervez\u0151<\/b><span style=\"font-weight: 400;\"> egy \u00e1tfog\u00f3 eszk\u00f6z, amely seg\u00edt, hogy ne csak \u00e1lmodozz, hanem konkr\u00e9t c\u00e9lokat t\u0171zz ki, \u00e9s terveket dolgozz ki a megval\u00f3s\u00edt\u00e1sukhoz. L\u00e9p\u00e9sr\u0151l l\u00e9p\u00e9sre t\u00e1mogat abban, hogy vil\u00e1gosan meghat\u00e1rozd a v\u00e1gyaidat, \u00e1talak\u00edtsd a korl\u00e1toz\u00f3 hiedelmeidet, \u00e9s pozit\u00edv gondolkod\u00e1ssal \u00e9rj el jelent\u0151s eredm\u00e9nyeket.<\/span><\/p>","protected":false},"featured_media":2155,"comment_status":"open","ping_status":"closed","template":"","meta":[],"product_brand":[],"product_cat":[89],"product_tag":[],"class_list":{"0":"post-2154","1":"product","2":"type-product","3":"status-publish","4":"has-post-thumbnail","6":"product_cat-manifesztacios-tervezo","8":"first","9":"instock","10":"downloadable","11":"virtual","12":"taxable","13":"purchasable","14":"product-type-simple"},"_links":{"self":[{"href":"https:\/\/noivezetok.eu\/en_en\/wp-json\/wp\/v2\/product\/2154","targetHints":{"allow":["GET"]}}],"collection":[{"href":"https:\/\/noivezetok.eu\/en_en\/wp-json\/wp\/v2\/product"}],"about":[{"href":"https:\/\/noivezetok.eu\/en_en\/wp-json\/wp\/v2\/types\/product"}],"replies":[{"embeddable":true,"href":"https:\/\/noivezetok.eu\/en_en\/wp-json\/wp\/v2\/comments?post=2154"}],"version-history":[{"count":1,"href":"https:\/\/noivezetok.eu\/en_en\/wp-json\/wp\/v2\/product\/2154\/revisions"}],"predecessor-version":[{"id":2159,"href":"https:\/\/noivezetok.eu\/en_en\/wp-json\/wp\/v2\/product\/2154\/revisions\/2159"}],"wp:featuredmedia":[{"embeddable":true,"href":"https:\/\/noivezetok.eu\/en_en\/wp-json\/wp\/v2\/media\/2155"}],"wp:attachment":[{"href":"https:\/\/noivezetok.eu\/en_en\/wp-json\/wp\/v2\/media?parent=2154"}],"wp:term":[{"taxonomy":"product_brand","embeddable":true,"href":"https:\/\/noivezetok.eu\/en_en\/wp-json\/wp\/v2\/product_brand?post=2154"},{"taxonomy":"product_cat","embeddable":true,"href":"https:\/\/noivezetok.eu\/en_en\/wp-json\/wp\/v2\/product_cat?post=2154"},{"taxonomy":"product_tag","embeddable":true,"href":"https:\/\/noivezetok.eu\/en_en\/wp-json\/wp\/v2\/product_tag?post=2154"}],"curies":[{"name":"wp","href":"https:\/\/api.w.org\/{rel}","templated":true}]}}