{"id":1293,"date":"2024-07-30T08:01:05","date_gmt":"2024-07-30T08:01:05","guid":{"rendered":"https:\/\/noivezetok.eu\/?post_type=product&#038;p=1293"},"modified":"2026-01-23T20:25:31","modified_gmt":"2026-01-23T20:25:31","slug":"noi-vezetok-heti-tervezo","status":"publish","type":"product","link":"https:\/\/noivezetok.eu\/en_en\/noi-vezetok-heti-tervezo\/","title":{"rendered":"N\u0151i Vezet\u0151k Heti Tervez\u0151"},"content":{"rendered":"","protected":false},"excerpt":{"rendered":"<p><span style=\"font-weight: 400;\">A N\u0151i Vezet\u0151k Heti Tervez\u0151 egy eszt\u00e9tikus \u00e9s letisztult tervez\u0151, amely t\u00f6k\u00e9letes eszk\u00f6z a h\u00e9t rendszerez\u00e9s\u00e9re \u00e9s a produktivit\u00e1s n\u00f6vel\u00e9s\u00e9re. Ez az 52 lapos tervez\u0151 egy teljes \u00e9vre elegend\u0151 seg\u00edts\u00e9get ny\u00fajt a h\u00e9t minden napj\u00e1ra. K\u00e9tf\u00e9le gy\u00f6ny\u00f6r\u0171 designban el\u00e9rhet\u0151, \u00edgy mindenki megtal\u00e1lhatja a sz\u00e1m\u00e1ra legmegfelel\u0151bbet. A fejben ragasztott kivitel biztos\u00edtja a tart\u00f3ss\u00e1got \u00e9s a k\u00f6nny\u0171 haszn\u00e1latot. A tervez\u0151 k\u00fcl\u00f6n szekci\u00f3t k\u00edn\u00e1l a heti priorit\u00e1sok sz\u00e1m\u00e1ra, \u00edgy k\u00f6nnyen rendet tehet\u00fcnk a k\u00e1oszban \u00e9s hat\u00e9konyan szervezhetj\u00fck meg teend\u0151inket.<\/span><\/p>","protected":false},"featured_media":1300,"comment_status":"open","ping_status":"closed","template":"","meta":[],"product_brand":[],"product_cat":[39],"product_tag":[],"class_list":{"0":"post-1293","1":"product","2":"type-product","3":"status-publish","4":"has-post-thumbnail","6":"product_cat-heti-tervezo","8":"first","9":"instock","10":"purchasable","11":"product-type-variable","12":"has-default-attributes"},"_links":{"self":[{"href":"https:\/\/noivezetok.eu\/en_en\/wp-json\/wp\/v2\/product\/1293","targetHints":{"allow":["GET"]}}],"collection":[{"href":"https:\/\/noivezetok.eu\/en_en\/wp-json\/wp\/v2\/product"}],"about":[{"href":"https:\/\/noivezetok.eu\/en_en\/wp-json\/wp\/v2\/types\/product"}],"replies":[{"embeddable":true,"href":"https:\/\/noivezetok.eu\/en_en\/wp-json\/wp\/v2\/comments?post=1293"}],"version-history":[{"count":1,"href":"https:\/\/noivezetok.eu\/en_en\/wp-json\/wp\/v2\/product\/1293\/revisions"}],"predecessor-version":[{"id":1298,"href":"https:\/\/noivezetok.eu\/en_en\/wp-json\/wp\/v2\/product\/1293\/revisions\/1298"}],"wp:featuredmedia":[{"embeddable":true,"href":"https:\/\/noivezetok.eu\/en_en\/wp-json\/wp\/v2\/media\/1300"}],"wp:attachment":[{"href":"https:\/\/noivezetok.eu\/en_en\/wp-json\/wp\/v2\/media?parent=1293"}],"wp:term":[{"taxonomy":"product_brand","embeddable":true,"href":"https:\/\/noivezetok.eu\/en_en\/wp-json\/wp\/v2\/product_brand?post=1293"},{"taxonomy":"product_cat","embeddable":true,"href":"https:\/\/noivezetok.eu\/en_en\/wp-json\/wp\/v2\/product_cat?post=1293"},{"taxonomy":"product_tag","embeddable":true,"href":"https:\/\/noivezetok.eu\/en_en\/wp-json\/wp\/v2\/product_tag?post=1293"}],"curies":[{"name":"wp","href":"https:\/\/api.w.org\/{rel}","templated":true}]}}