{"id":2954,"date":"2025-04-11T11:22:17","date_gmt":"2025-04-11T11:22:17","guid":{"rendered":"https:\/\/noivezetok.eu\/?page_id=2954"},"modified":"2025-04-30T17:20:31","modified_gmt":"2025-04-30T17:20:31","slug":"heti-tervezo-letoltes","status":"publish","type":"page","link":"https:\/\/noivezetok.eu\/en_en\/heti-tervezo-letoltes\/","title":{"rendered":"Ingyenes Heti tervez\u0151"},"content":{"rendered":"<div data-elementor-type=\"wp-page\" data-elementor-id=\"2954\" class=\"elementor elementor-2954\" data-elementor-post-type=\"page\">\n\t\t\t\t<div class=\"elementor-element elementor-element-ccfc324 e-flex e-con-boxed e-con e-parent\" data-id=\"ccfc324\" data-element_type=\"container\" data-e-type=\"container\" data-settings=\"{&quot;background_background&quot;:&quot;classic&quot;}\">\n\t\t\t\t\t<div class=\"e-con-inner\">\n\t\t\t\t<div class=\"elementor-element elementor-element-68001487 elementor-widget elementor-widget-heading\" data-id=\"68001487\" data-element_type=\"widget\" data-e-type=\"widget\" data-widget_type=\"heading.default\">\n\t\t\t\t<div class=\"elementor-widget-container\">\n\t\t\t\t\t<h1 class=\"elementor-heading-title elementor-size-default\">Tervezz sikeresen<\/h1>\t\t\t\t<\/div>\n\t\t\t\t<\/div>\n\t\t\t\t<div class=\"elementor-element elementor-element-64d1c8d elementor-widget__width-initial elementor-widget elementor-widget-text-editor\" data-id=\"64d1c8d\" data-element_type=\"widget\" data-e-type=\"widget\" data-widget_type=\"text-editor.default\">\n\t\t\t\t<div class=\"elementor-widget-container\">\n\t\t\t\t\t\t\t\t\t<p>Szeretn\u00e9l v\u00e9gre \u00e1tl\u00e1that\u00f3bb, szervezettebb heteket?<br \/>T\u00f6ltsd le INGYEN a N\u0151i Vezet\u0151k Heti Tervez\u0151j\u00e9t,<br \/>\u00e9s hozd ki a legt\u00f6bbet minden napodb\u00f3l<\/p>\t\t\t\t\t\t\t\t<\/div>\n\t\t\t\t<\/div>\n\t\t\t\t<div class=\"elementor-element elementor-element-f483134 elementor-widget__width-initial elementor-widget elementor-widget-image\" data-id=\"f483134\" data-element_type=\"widget\" data-e-type=\"widget\" data-widget_type=\"image.default\">\n\t\t\t\t<div class=\"elementor-widget-container\">\n\t\t\t\t\t\t\t\t\t\t\t\t\t\t\t<img fetchpriority=\"high\" decoding=\"async\" width=\"800\" height=\"774\" src=\"https:\/\/noivezetok.eu\/wp-content\/uploads\/2025\/04\/Untitled-design-1.png\" class=\"attachment-large size-large wp-image-2966\" alt=\"Heti tervez\u0151 - N\u0151i Vezet\u0151k\" srcset=\"https:\/\/noivezetok.eu\/wp-content\/uploads\/2025\/04\/Untitled-design-1.png 940w, https:\/\/noivezetok.eu\/wp-content\/uploads\/2025\/04\/Untitled-design-1-300x290.png 300w, https:\/\/noivezetok.eu\/wp-content\/uploads\/2025\/04\/Untitled-design-1-768x743.png 768w, https:\/\/noivezetok.eu\/wp-content\/uploads\/2025\/04\/Untitled-design-1-12x12.png 12w, https:\/\/noivezetok.eu\/wp-content\/uploads\/2025\/04\/Untitled-design-1-600x581.png 600w\" sizes=\"(max-width: 800px) 100vw, 800px\" \/>\t\t\t\t\t\t\t\t\t\t\t\t\t\t\t<\/div>\n\t\t\t\t<\/div>\n\t\t<div class=\"elementor-element elementor-element-6198350 e-con-full e-flex e-con e-child\" data-id=\"6198350\" data-element_type=\"container\" data-e-type=\"container\">\n\t\t\t\t<div class=\"elementor-element elementor-element-a9eb3ae elementor-widget elementor-widget-text-editor\" data-id=\"a9eb3ae\" data-element_type=\"widget\" data-e-type=\"widget\" data-widget_type=\"text-editor.default\">\n\t\t\t\t<div class=\"elementor-widget-container\">\n\t\t\t\t\t\t\t\t\t<p>T\u00f6ltsd le most <strong>INGYENESEN<\/strong> a N\u0151i Vezet\u0151k Heti Tervez\u0151j\u00e9t!<\/p>\t\t\t\t\t\t\t\t<\/div>\n\t\t\t\t<\/div>\n\t\t\t\t<div class=\"elementor-element elementor-element-db213b8 elementor-widget__width-initial elementor-widget elementor-widget-wp-widget-mc4wp_form_widget\" data-id=\"db213b8\" data-element_type=\"widget\" data-e-type=\"widget\" data-widget_type=\"wp-widget-mc4wp_form_widget.default\">\n\t\t\t\t<div class=\"elementor-widget-container\">\n\t\t\t\t\t<script>(function() {\n\twindow.mc4wp = window.mc4wp || {\n\t\tlisteners: [],\n\t\tforms: {\n\t\t\ton: function(evt, cb) {\n\t\t\t\twindow.mc4wp.listeners.push(\n\t\t\t\t\t{\n\t\t\t\t\t\tevent   : evt,\n\t\t\t\t\t\tcallback: cb\n\t\t\t\t\t}\n\t\t\t\t);\n\t\t\t}\n\t\t}\n\t}\n})();\n<\/script><!-- Mailchimp for WordPress v4.12.2 - https:\/\/wordpress.org\/plugins\/mailchimp-for-wp\/ --><form id=\"mc4wp-form-1\" class=\"mc4wp-form mc4wp-form-2025\" method=\"post\" data-id=\"2025\" data-name=\"footer\" action=\"\" ><div class=\"mc4wp-form-fields\"><p>\r\n\t\t<input type=\"email\" id=\"email\" name=\"EMAIL\" placeholder=\"Email c\u00edmed\" required>\r\n<\/p>\r\n\r\n<p>\r\n    <input type=\"text\" name=\"FNAME\" placeholder=\"Keresztneved\"\r\n    required=\"\">\r\n<\/p>\r\n\r\n\r\n<p>\r\n    <label>\r\n        <input type=\"checkbox\" name=\"AGREE_TO_TERMS\" value=\"1\" required=\"\"> Elolvastam \u00e9s elfogadom a felhaszn\u00e1l\u00e1si felt\u00e9teleket<\/label>\r\n<\/p>\r\n\r\n<p>\r\n\t<input type=\"submit\" value=\"K\u00e9rem a linket!\">\r\n<\/p><\/div><label style=\"display: none !important;\">Leave this field empty if you're human: <input type=\"text\" name=\"_mc4wp_honeypot\" value=\"\" tabindex=\"-1\" autocomplete=\"off\" \/><\/label><input type=\"hidden\" name=\"_mc4wp_timestamp\" value=\"1777439570\" \/><input type=\"hidden\" name=\"_mc4wp_form_id\" value=\"2025\" \/><input type=\"hidden\" name=\"_mc4wp_form_element_id\" value=\"mc4wp-form-1\" \/><div class=\"mc4wp-response\"><\/div><input type=\"hidden\" name=\"trp-form-language\" value=\"en_en\"\/><\/form><!-- \/ Mailchimp for WordPress Plugin -->\t\t\t\t<\/div>\n\t\t\t\t<\/div>\n\t\t\t\t<\/div>\n\t\t\t\t<div class=\"elementor-element elementor-element-5d47ebc7 elementor-widget__width-initial elementor-widget-mobile__width-initial elementor-widget elementor-widget-text-editor\" data-id=\"5d47ebc7\" data-element_type=\"widget\" data-e-type=\"widget\" data-widget_type=\"text-editor.default\">\n\t\t\t\t<div class=\"elementor-widget-container\">\n\t\t\t\t\t\t\t\t\t<p>A N\u0151i Vezet\u0151k\u00a0\u00a0<span style=\"text-decoration: underline;\"><strong>ingyenesen\u00a0\u00a0<\/strong><\/span>let\u00f6lthet\u0151 Heti Tervez\u0151je\u00a0 <span style=\"letter-spacing: -2.1px; word-spacing: 0em;\">seg\u00edt\u00a0 neked, hogy mindig organiz\u00e1lt maradj \u00e9s, hogy minden id\u0151ben el tudj int\u00e9zni<\/span><\/p>\t\t\t\t\t\t\t\t<\/div>\n\t\t\t\t<\/div>\n\t\t\t\t\t<\/div>\n\t\t\t\t<\/div>\n\t\t\t\t<\/div>","protected":false},"excerpt":{"rendered":"<p>Tervezz sikeresen Szeretn\u00e9l v\u00e9gre \u00e1tl\u00e1that\u00f3bb, szervezettebb heteket?T\u00f6ltsd le INGYEN a N\u0151i Vezet\u0151k Heti Tervez\u0151j\u00e9t,\u00e9s hozd ki a legt\u00f6bbet minden napodb\u00f3l T\u00f6ltsd le most INGYENESEN a N\u0151i Vezet\u0151k Heti Tervez\u0151j\u00e9t! A N\u0151i Vezet\u0151k\u00a0\u00a0ingyenesen\u00a0\u00a0let\u00f6lthet\u0151 Heti Tervez\u0151je\u00a0 seg\u00edt\u00a0 neked, hogy mindig organiz\u00e1lt maradj \u00e9s, hogy minden id\u0151ben el tudj int\u00e9zni<\/p>","protected":false},"author":1,"featured_media":0,"parent":0,"menu_order":0,"comment_status":"closed","ping_status":"closed","template":"","meta":{"footnotes":""},"class_list":["post-2954","page","type-page","status-publish","hentry"],"_links":{"self":[{"href":"https:\/\/noivezetok.eu\/en_en\/wp-json\/wp\/v2\/pages\/2954","targetHints":{"allow":["GET"]}}],"collection":[{"href":"https:\/\/noivezetok.eu\/en_en\/wp-json\/wp\/v2\/pages"}],"about":[{"href":"https:\/\/noivezetok.eu\/en_en\/wp-json\/wp\/v2\/types\/page"}],"author":[{"embeddable":true,"href":"https:\/\/noivezetok.eu\/en_en\/wp-json\/wp\/v2\/users\/1"}],"replies":[{"embeddable":true,"href":"https:\/\/noivezetok.eu\/en_en\/wp-json\/wp\/v2\/comments?post=2954"}],"version-history":[{"count":40,"href":"https:\/\/noivezetok.eu\/en_en\/wp-json\/wp\/v2\/pages\/2954\/revisions"}],"predecessor-version":[{"id":3286,"href":"https:\/\/noivezetok.eu\/en_en\/wp-json\/wp\/v2\/pages\/2954\/revisions\/3286"}],"wp:attachment":[{"href":"https:\/\/noivezetok.eu\/en_en\/wp-json\/wp\/v2\/media?parent=2954"}],"curies":[{"name":"wp","href":"https:\/\/api.w.org\/{rel}","templated":true}]}}